{"id":1144,"date":"2022-09-22T21:44:34","date_gmt":"2022-09-22T19:44:34","guid":{"rendered":"https:\/\/wbk-duisburg.de\/neue-homepage\/?page_id=1144"},"modified":"2025-07-22T22:08:12","modified_gmt":"2025-07-22T20:08:12","slug":"flyer","status":"publish","type":"page","link":"https:\/\/wbk-duisburg.de\/neue-homepage\/informationen\/flyer\/","title":{"rendered":"\u00dcberblick"},"content":{"rendered":"<div id=\"pl-1144\"  class=\"panel-layout\" ><div id=\"pg-1144-0\"  class=\"panel-grid panel-no-style\" ><div id=\"pgc-1144-0-0\"  class=\"panel-grid-cell\" ><div id=\"panel-1144-0-0-0\" class=\"so-panel widget widget_sow-editor panel-first-child panel-last-child\" data-index=\"0\" ><div\n\t\t\t\n\t\t\tclass=\"so-widget-sow-editor so-widget-sow-editor-base\"\n\t\t\t\n\t\t>\n<div class=\"siteorigin-widget-tinymce textwidget\">\n\t<section class=\"elementor-section elementor-top-section elementor-element elementor-element-435f041 elementor-section-boxed elementor-section-height-default elementor-section-height-default\" data-id=\"435f041\" data-element_type=\"section\">\n<div class=\"elementor-container elementor-column-gap-default\">\n<div class=\"elementor-column elementor-col-100 elementor-top-column elementor-element elementor-element-cf721f1\" data-id=\"cf721f1\" data-element_type=\"column\">\n<div class=\"elementor-widget-wrap elementor-element-populated\">\n<div class=\"elementor-element elementor-element-7f509c6 elementor-widget elementor-widget-heading\" data-id=\"7f509c6\" data-element_type=\"widget\" data-widget_type=\"heading.default\">\n<div class=\"elementor-widget-container\">\n<h2 class=\"elementor-heading-title elementor-size-default\">1. Unsere Schule<\/h2>\n<\/div>\n<\/div>\n<\/div>\n<\/div>\n<\/div>\n<\/section>\n<section class=\"elementor-section elementor-top-section elementor-element elementor-element-5127d9b elementor-section-boxed elementor-section-height-default elementor-section-height-default\" data-id=\"5127d9b\" data-element_type=\"section\">\n<div class=\"elementor-container elementor-column-gap-default\">\n<div class=\"elementor-column elementor-col-100 elementor-top-column elementor-element elementor-element-ff4e98c\" data-id=\"ff4e98c\" data-element_type=\"column\">\n<div class=\"elementor-widget-wrap elementor-element-populated\">\n<div class=\"elementor-element elementor-element-ef4fd23 elementor-widget elementor-widget-text-editor\" data-id=\"ef4fd23\" data-element_type=\"widget\" data-widget_type=\"text-editor.default\">\n<div class=\"elementor-widget-container\">\n<p>Das Weiterbildungskolleg der Stadt Duisburg ist eine \u00f6ffentliche Schule, an der Erwachsene einen fehlenden Schulabschluss nachholen oder einen weiteren Schulabschluss erlangen k\u00f6nnen.<\/p>\n<p>In allen unseren Kursen lernen Menschen unterschiedlichen Alters und unterschiedlicher Herkunft miteinander. Ihre Lernmotive sind ebenso vielf\u00e4ltig: der Wunsch zu studieren, die Erh\u00f6hung beruflicher Chancen, der Wunsch nach einem Studium oder einfach, das Interesse sich\u00a0weiterzubilden.<\/p>\n<p>Deshalb gibt es an unserer Schule nach wie vor die \u201eklassischen\u201c Abendkurse mit Pr\u00e4senzunterricht an vier Unterrichtstagen pro Woche <strong>in der Zeit von 17.20 Uhr bis 22.00 Uhr.<\/strong><\/p>\n<p>Um den Anforderungen von flexibler gewordenen Arbeitszeiten oder Lebenssituationen gerecht zu werden, bieten wir den\u00a0Online-Lehrgang abitur-online.nrw an, der sich in\u00a0Lernphasen in der Schule und zu Hause gliedert.<\/p>\n<p>Unsere Kurse im Abendgymnasium und im Online-Lehrgang beginnen jeweils nach den Sommerferien (Wintersemester), die Kurse in der Abendrealschule zus\u00e4tzlich Anfang Februar eines jeden Jahres (Sommersemester).<\/p>\n<p>Es gelten die Ferientermine des Landes\u00a0Nordrhein-Westfalen.<\/p>\n<p><strong>Der Unterricht in allen Bildungsg\u00e4ngen ist kostenfrei<\/strong>. Lehr- und Lernmaterialien werden im Rahmen der Lernmittelfreiheit bereitgestellt.<\/p>\n<p>Unsere Schule ist barrierefrei.<\/p>\n<\/div>\n<\/div>\n<\/div>\n<\/div>\n<\/div>\n<\/section>\n<section class=\"elementor-section elementor-top-section elementor-element elementor-element-91d54c7 elementor-section-boxed elementor-section-height-default elementor-section-height-default\" data-id=\"91d54c7\" data-element_type=\"section\">\n<div class=\"elementor-container elementor-column-gap-default\">\n<div class=\"elementor-column elementor-col-100 elementor-top-column elementor-element elementor-element-770b743\" data-id=\"770b743\" data-element_type=\"column\">\n<div class=\"elementor-widget-wrap elementor-element-populated\">\n<div class=\"elementor-element elementor-element-a0877af elementor-widget elementor-widget-menu-anchor\" data-id=\"a0877af\" data-element_type=\"widget\" data-widget_type=\"menu-anchor.default\">\n<div class=\"elementor-widget-container\">\n<div id=\"Schulabschluesse\" class=\"elementor-menu-anchor\"><\/div>\n<\/div>\n<\/div>\n<div class=\"elementor-element elementor-element-11cde0c elementor-widget elementor-widget-heading\" data-id=\"11cde0c\" data-element_type=\"widget\" data-widget_type=\"heading.default\">\n<div class=\"elementor-widget-container\">\n<h2 class=\"elementor-heading-title elementor-size-default\">2. Schulabschl\u00fcsse<\/h2>\n<\/div>\n<\/div>\n<\/div>\n<\/div>\n<\/div>\n<\/section>\n<section class=\"elementor-section elementor-top-section elementor-element elementor-element-bde1d22 elementor-section-boxed elementor-section-height-default elementor-section-height-default\" data-id=\"bde1d22\" data-element_type=\"section\">\n<div class=\"elementor-container elementor-column-gap-default\">\n<div class=\"elementor-column elementor-col-100 elementor-top-column elementor-element elementor-element-5dc0149\" data-id=\"5dc0149\" data-element_type=\"column\">\n<div class=\"elementor-widget-wrap elementor-element-populated\">\n<div class=\"elementor-element elementor-element-ae1c384 elementor-widget elementor-widget-text-editor\" data-id=\"ae1c384\" data-element_type=\"widget\" data-widget_type=\"text-editor.default\">\n<div class=\"elementor-widget-container\">\n<p>An unserer Schule k\u00f6nnen Sie jeden in Nordrhein-Westfalen m\u00f6glichen Schulabschluss erlangen.<br \/>\nEin Semester dauert ein halbes Jahr.<\/p>\n<\/div>\n<\/div>\n<div class=\"elementor-element elementor-element-4df2d3f elementor-widget elementor-widget-image\" data-id=\"4df2d3f\" data-element_type=\"widget\" data-widget_type=\"image.default\">\n<div class=\"elementor-widget-container\"><img loading=\"lazy\" decoding=\"async\" class=\"attachment-large size-large lazy loaded\" src=\"https:\/\/wbk-duisburg.de\/neue-homepage\/wp-content\/uploads\/2023\/06\/Uebersicht-Abschluesse.png\" sizes=\"auto, (max-width: 500px) 100vw, 500px\" srcset=\"https:\/\/wbk-duisburg.de\/neue-homepage\/wp-content\/uploads\/2023\/06\/Uebersicht-Abschluesse.png 500w, https:\/\/wbk-duisburg.de\/neue-homepage\/wp-content\/uploads\/2023\/06\/Uebersicht-Abschluesse-300x207.png 300w\" alt=\"\" width=\"500\" height=\"345\" data-src=\"https:\/\/wbk-duisburg.de\/neue-homepage\/wp-content\/uploads\/2023\/06\/Uebersicht-Abschluesse.png\" data-srcset=\"https:\/\/wbk-duisburg.de\/neue-homepage\/wp-content\/uploads\/2023\/06\/Uebersicht-Abschluesse.png 500w, https:\/\/wbk-duisburg.de\/neue-homepage\/wp-content\/uploads\/2023\/06\/Uebersicht-Abschluesse-300x207.png 300w\" data-sizes=\"(max-width: 500px) 100vw, 500px\" data-was-processed=\"true\" \/><\/div>\n<\/div>\n<\/div>\n<\/div>\n<\/div>\n<\/section>\n<section class=\"elementor-section elementor-top-section elementor-element elementor-element-ba6050c elementor-section-boxed elementor-section-height-default elementor-section-height-default\" data-id=\"ba6050c\" data-element_type=\"section\">\n<div class=\"elementor-container elementor-column-gap-default\">\n<div class=\"elementor-column elementor-col-100 elementor-top-column elementor-element elementor-element-88f2187\" data-id=\"88f2187\" data-element_type=\"column\">\n<div class=\"elementor-widget-wrap elementor-element-populated\">\n<div class=\"elementor-element elementor-element-835edcd elementor-widget elementor-widget-menu-anchor\" data-id=\"835edcd\" data-element_type=\"widget\" data-widget_type=\"menu-anchor.default\">\n<div class=\"elementor-widget-container\">\n<div id=\"abitur-online\" class=\"elementor-menu-anchor\"><\/div>\n<\/div>\n<\/div>\n<div class=\"elementor-element elementor-element-d73fcaa elementor-widget elementor-widget-heading\" data-id=\"d73fcaa\" data-element_type=\"widget\" data-widget_type=\"heading.default\">\n<div class=\"elementor-widget-container\">\n<h2 class=\"elementor-heading-title elementor-size-default\">3. abitur-online.nrw<\/h2>\n<\/div>\n<\/div>\n<\/div>\n<\/div>\n<\/div>\n<\/section>\n<section class=\"elementor-section elementor-top-section elementor-element elementor-element-189c27f elementor-section-boxed elementor-section-height-default elementor-section-height-default\" data-id=\"189c27f\" data-element_type=\"section\">\n<div class=\"elementor-container elementor-column-gap-default\">\n<div class=\"elementor-column elementor-col-100 elementor-top-column elementor-element elementor-element-c5b01b5\" data-id=\"c5b01b5\" data-element_type=\"column\">\n<div class=\"elementor-widget-wrap elementor-element-populated\">\n<div class=\"elementor-element elementor-element-9f28f70 elementor-widget elementor-widget-text-editor\" data-id=\"9f28f70\" data-element_type=\"widget\" data-widget_type=\"text-editor.default\">\n<div class=\"elementor-widget-container\">\n<p>Der Online-Lehrgang verbindet internetgest\u00fctztes Selbststudium mit Pr\u00e4senzunterricht (blended learning) und besteht je zur H\u00e4lfte aus Unterricht an zwei Abenden in der Schule (Pr\u00e4senzphase) und aus Phasen des eigenst\u00e4ndigen Lernens (Distanzphase) \u00fcber eine<br \/>\nLernplattform. Diese stellt virtuelle Klassenzimmer zur Verf\u00fcgung, \u00fcber die kommuniziert wird und Materialien ausgetauscht werden. Zu Beginn des Lehrgangs wird eine Einf\u00fchrung in die Lernplattform angeboten.<\/p>\n<p>Klausuren und Pr\u00fcfungen finden w\u00e4hrend der Pr\u00e4senzphasen statt. Selbstverst\u00e4ndlich flie\u00dfen aber auch Ihre Leistungen aus den w\u00f6chentlichen Arbeitsauftr\u00e4gen der Selbstlernphasen in Ihre Semesternoten mit ein.<\/p>\n<p>F\u00fcr die Arbeit in den Distanzphasen werden keine konkreten Arbeitszeiten festgelegt. Lernen im Online Lehrgang bedeutet flexibel und selbstst\u00e4ndig arbeiten zu k\u00f6nnen und seinen eigenen Lernprozess zu organisieren.<\/p>\n<p>Technische Voraussetzungen: PC oder Tablet, Drucker, Internetzugang<\/p>\n<\/div>\n<\/div>\n<\/div>\n<\/div>\n<\/div>\n<\/section>\n<section class=\"elementor-section elementor-top-section elementor-element elementor-element-46cd7a0 elementor-section-boxed elementor-section-height-default elementor-section-height-default\" data-id=\"46cd7a0\" data-element_type=\"section\">\n<div class=\"elementor-container elementor-column-gap-default\">\n<div class=\"elementor-column elementor-col-100 elementor-top-column elementor-element elementor-element-8ca9baa\" data-id=\"8ca9baa\" data-element_type=\"column\">\n<div class=\"elementor-widget-wrap\"><\/div>\n<\/div>\n<\/div>\n<\/section>\n<section class=\"elementor-section elementor-top-section elementor-element elementor-element-119e38e elementor-section-boxed elementor-section-height-default elementor-section-height-default\" data-id=\"119e38e\" data-element_type=\"section\">\n<div class=\"elementor-container elementor-column-gap-default\">\n<div class=\"elementor-column elementor-col-100 elementor-top-column elementor-element elementor-element-d753acb\" data-id=\"d753acb\" data-element_type=\"column\">\n<div class=\"elementor-widget-wrap elementor-element-populated\">\n<div class=\"elementor-element elementor-element-af9c548 elementor-widget elementor-widget-menu-anchor\" data-id=\"af9c548\" data-element_type=\"widget\" data-widget_type=\"menu-anchor.default\">\n<div class=\"elementor-widget-container\">\n<div id=\"Voraussetzungen\" class=\"elementor-menu-anchor\"><\/div>\n<\/div>\n<\/div>\n<div class=\"elementor-element elementor-element-9f6dc92 elementor-widget elementor-widget-heading\" data-id=\"9f6dc92\" data-element_type=\"widget\" data-widget_type=\"heading.default\">\n<div class=\"elementor-widget-container\">\n<h2 class=\"elementor-heading-title elementor-size-default\">4. Voraussetzungen<\/h2>\n<\/div>\n<\/div>\n<div class=\"elementor-element elementor-element-fb2778b elementor-widget elementor-widget-text-editor\" data-id=\"fb2778b\" data-element_type=\"widget\" data-widget_type=\"text-editor.default\">\n<div class=\"elementor-widget-container\">\n<ul>\n<li>Mindestalter: 17 Jahre<\/li>\n<li>Erf\u00fcllung der Vollzeitschulpflicht<\/li>\n<li>Berufst\u00e4tigkeit von mindestens sechs Monaten<br \/>\noder Berufst\u00e4tigkeit w\u00e4hrend der Schulzeit f\u00fcr<br \/>\ndie Aufnahme in die Abendrealschule<\/li>\n<li>Abgeschlossene Berufsausbildung oder zwei<br \/>\nJahre Berufst\u00e4tigkeit f\u00fcr die Aufnahme ins<br \/>\nAbendgymnasium<\/li>\n<li>BaF\u00f6G-F\u00f6rderung ist unter bestimmten Voraussetzungen ab dem 3. bzw. 4. Semester m\u00f6glich<\/li>\n<li>Erziehungszeiten, Wehrdienst- bzw. Ersatzdienstzeiten sowie ein Freiwilliges Soziales Jahr oder Zeiten der Arbeitslosigkeit k\u00f6nnen<br \/>\nangerechnet werden<\/li>\n<li>Weitere individuelle Voraussetzungen k\u00f6nnen in einem pers\u00f6nlichen Beratungsgespr\u00e4ch gepr\u00fcft werden<\/li>\n<\/ul>\n<\/div>\n<\/div>\n<\/div>\n<\/div>\n<\/div>\n<\/section>\n<section class=\"elementor-section elementor-top-section elementor-element elementor-element-a9606cc elementor-section-boxed elementor-section-height-default elementor-section-height-default\" data-id=\"a9606cc\" data-element_type=\"section\">\n<div class=\"elementor-container elementor-column-gap-default\">\n<div class=\"elementor-column elementor-col-100 elementor-top-column elementor-element elementor-element-18725bf\" data-id=\"18725bf\" data-element_type=\"column\">\n<div class=\"elementor-widget-wrap elementor-element-populated\">\n<div class=\"elementor-element elementor-element-1d85fe5 elementor-widget elementor-widget-menu-anchor\" data-id=\"1d85fe5\" data-element_type=\"widget\" data-widget_type=\"menu-anchor.default\">\n<div class=\"elementor-widget-container\">\n<div id=\"Flyer\" class=\"elementor-menu-anchor\"><\/div>\n<\/div>\n<\/div>\n<div class=\"elementor-element elementor-element-73f045a elementor-widget elementor-widget-heading\" data-id=\"73f045a\" data-element_type=\"widget\" data-widget_type=\"heading.default\">\n<div class=\"elementor-widget-container\">\n<h2 class=\"elementor-heading-title elementor-size-default\">5. Flyer<\/h2>\n<\/div>\n<\/div>\n<\/div>\n<\/div>\n<\/div>\n<\/section>\n<section class=\"elementor-section elementor-top-section elementor-element elementor-element-df60082 elementor-section-boxed elementor-section-height-default elementor-section-height-default\" data-id=\"df60082\" data-element_type=\"section\" data-settings=\"{&quot;background_background&quot;:&quot;classic&quot;}\">\n<div class=\"elementor-container elementor-column-gap-no\">\n<div class=\"elementor-column elementor-col-100 elementor-top-column elementor-element elementor-element-0650bff\" data-id=\"0650bff\" data-element_type=\"column\">\n<div class=\"elementor-widget-wrap elementor-element-populated\">\n<div class=\"elementor-element elementor-element-098a0eb elementor-widget elementor-widget-wp-widget-media_image\" data-id=\"098a0eb\" data-element_type=\"widget\" data-widget_type=\"wp-widget-media_image.default\">\n<div class=\"elementor-widget-container\"><a href=\"https:\/\/wbk-duisburg.de\/neue-homepage\/wp-content\/uploads\/2022\/09\/Flyer-WBK-Final_Version.pdf\"><img loading=\"lazy\" decoding=\"async\" class=\"image wp-image-1108 attachment-full size-full lazy loaded\" src=\"https:\/\/wbk-duisburg.de\/neue-homepage\/wp-content\/uploads\/2022\/09\/AnsichtFlyer.png\" sizes=\"auto, (max-width: 1113px) 100vw, 1113px\" srcset=\"https:\/\/wbk-duisburg.de\/neue-homepage\/wp-content\/uploads\/2022\/09\/AnsichtFlyer.png 1113w, https:\/\/wbk-duisburg.de\/neue-homepage\/wp-content\/uploads\/2022\/09\/AnsichtFlyer-300x210.png 300w, https:\/\/wbk-duisburg.de\/neue-homepage\/wp-content\/uploads\/2022\/09\/AnsichtFlyer-1024x718.png 1024w, https:\/\/wbk-duisburg.de\/neue-homepage\/wp-content\/uploads\/2022\/09\/AnsichtFlyer-768x538.png 768w\" alt=\"\" width=\"1113\" height=\"780\" data-src=\"https:\/\/wbk-duisburg.de\/neue-homepage\/wp-content\/uploads\/2022\/09\/AnsichtFlyer.png\" data-srcset=\"https:\/\/wbk-duisburg.de\/neue-homepage\/wp-content\/uploads\/2022\/09\/AnsichtFlyer.png 1113w, https:\/\/wbk-duisburg.de\/neue-homepage\/wp-content\/uploads\/2022\/09\/AnsichtFlyer-300x210.png 300w, https:\/\/wbk-duisburg.de\/neue-homepage\/wp-content\/uploads\/2022\/09\/AnsichtFlyer-1024x718.png 1024w, https:\/\/wbk-duisburg.de\/neue-homepage\/wp-content\/uploads\/2022\/09\/AnsichtFlyer-768x538.png 768w\" data-sizes=\"(max-width: 1113px) 100vw, 1113px\" data-was-processed=\"true\" \/><\/a><\/div>\n<\/div>\n<\/div>\n<\/div>\n<\/div>\n<\/section>\n<\/div>\n<\/div><\/div><\/div><\/div><\/div>","protected":false},"excerpt":{"rendered":"<p>1. Unsere Schule Das Weiterbildungskolleg der Stadt Duisburg ist eine \u00f6ffentliche Schule, an der Erwachsene einen fehlenden Schulabschluss nachholen oder einen weiteren Schulabschluss erlangen k\u00f6nnen. In allen unseren Kursen lernen Menschen unterschiedlichen Alters und unterschiedlicher Herkunft miteinander. Ihre Lernmotive sind ebenso vielf\u00e4ltig: der Wunsch zu studieren, die Erh\u00f6hung beruflicher Chancen, der Wunsch nach einem Studium&hellip;<\/p>\n","protected":false},"author":1,"featured_media":0,"parent":509,"menu_order":0,"comment_status":"closed","ping_status":"closed","template":"","meta":{"footnotes":""},"class_list":["post-1144","page","type-page","status-publish","hentry","post"],"_links":{"self":[{"href":"https:\/\/wbk-duisburg.de\/neue-homepage\/wp-json\/wp\/v2\/pages\/1144","targetHints":{"allow":["GET"]}}],"collection":[{"href":"https:\/\/wbk-duisburg.de\/neue-homepage\/wp-json\/wp\/v2\/pages"}],"about":[{"href":"https:\/\/wbk-duisburg.de\/neue-homepage\/wp-json\/wp\/v2\/types\/page"}],"author":[{"embeddable":true,"href":"https:\/\/wbk-duisburg.de\/neue-homepage\/wp-json\/wp\/v2\/users\/1"}],"replies":[{"embeddable":true,"href":"https:\/\/wbk-duisburg.de\/neue-homepage\/wp-json\/wp\/v2\/comments?post=1144"}],"version-history":[{"count":101,"href":"https:\/\/wbk-duisburg.de\/neue-homepage\/wp-json\/wp\/v2\/pages\/1144\/revisions"}],"predecessor-version":[{"id":5056,"href":"https:\/\/wbk-duisburg.de\/neue-homepage\/wp-json\/wp\/v2\/pages\/1144\/revisions\/5056"}],"up":[{"embeddable":true,"href":"https:\/\/wbk-duisburg.de\/neue-homepage\/wp-json\/wp\/v2\/pages\/509"}],"wp:attachment":[{"href":"https:\/\/wbk-duisburg.de\/neue-homepage\/wp-json\/wp\/v2\/media?parent=1144"}],"curies":[{"name":"wp","href":"https:\/\/api.w.org\/{rel}","templated":true}]}}