{"id":1168,"date":"2022-09-22T21:52:12","date_gmt":"2022-09-22T19:52:12","guid":{"rendered":"https:\/\/wbk-duisburg.de\/neue-homepage\/?page_id=1168"},"modified":"2026-01-11T22:37:14","modified_gmt":"2026-01-11T21:37:14","slug":"kollegium","status":"publish","type":"page","link":"https:\/\/wbk-duisburg.de\/neue-homepage\/ueber_uns\/kollegium\/","title":{"rendered":"Kollegium"},"content":{"rendered":"<div id=\"pl-1168\"  class=\"panel-layout\" ><div id=\"pg-1168-0\"  class=\"panel-grid panel-no-style\" ><div id=\"pgc-1168-0-0\"  class=\"panel-grid-cell\" ><div id=\"panel-1168-0-0-0\" class=\"so-panel widget widget_sow-editor panel-first-child panel-last-child\" data-index=\"0\" ><div\n\t\t\t\n\t\t\tclass=\"so-widget-sow-editor so-widget-sow-editor-base\"\n\t\t\t\n\t\t>\n<div class=\"siteorigin-widget-tinymce textwidget\">\n\t<p>Das Kollegium unseres WBKs.<\/p>\n<\/div>\n<\/div><\/div><\/div><\/div><div id=\"pg-1168-1\"  class=\"panel-grid panel-no-style\" ><div id=\"pgc-1168-1-0\"  class=\"panel-grid-cell\" ><div id=\"panel-1168-1-0-0\" class=\"so-panel widget widget_sow-editor panel-first-child panel-last-child\" data-index=\"1\" ><div\n\t\t\t\n\t\t\tclass=\"so-widget-sow-editor so-widget-sow-editor-base\"\n\t\t\t\n\t\t>\n<div class=\"siteorigin-widget-tinymce textwidget\">\n\t<p><img loading=\"lazy\" decoding=\"async\" src=\"https:\/\/wbk-duisburg.de\/neue-homepage\/wp-content\/uploads\/2022\/09\/Kollegium-1024x475.jpg\" sizes=\"auto, (max-width: 1024px) 100vw, 1024px\" srcset=\"https:\/\/wbk-duisburg.de\/neue-homepage\/wp-content\/uploads\/2022\/09\/Kollegium-1024x475.jpg 1024w, https:\/\/wbk-duisburg.de\/neue-homepage\/wp-content\/uploads\/2022\/09\/Kollegium-300x139.jpg 300w, https:\/\/wbk-duisburg.de\/neue-homepage\/wp-content\/uploads\/2022\/09\/Kollegium-768x356.jpg 768w, https:\/\/wbk-duisburg.de\/neue-homepage\/wp-content\/uploads\/2022\/09\/Kollegium-1536x712.jpg 1536w, https:\/\/wbk-duisburg.de\/neue-homepage\/wp-content\/uploads\/2022\/09\/Kollegium-2048x949.jpg 2048w\" alt=\"\" width=\"1024\" height=\"475\"><\/p>\n<p>Iris Alaca - Sekretariat | Markus Reuter - Englisch, Geschichte | Angela Pinter-Brall - Deutsch, Englisch | Lars Tetenberg - Erdkunde, Geschichte |Claudia Hellmann - Erdkunde, Mathematik | Robert Rennecke - Mathematik, Englisch | Susanne Kugler - Biologie, Chemie, Mathematik | Walter Knauer - Chemie, Physik | Christina Briem - Deutsch, Englisch, Franz\u00f6sisch | Lena Moser - Biologie, Deutsch | Cristina Sch\u00f6nfeld - Deutsch, Englisch | Sabine Boesler - Deutsch, Englisch | Jutta Ludewigt - Englisch, Franz\u00f6sisch| Freimut K\u00f6gel - Deutsch, Geschichte | nicht abgebildet: Katharina Goedecke - Deutsch, Geschichte | Sabine Markis-Tonn - Deutsch, Englisch | Jan Peter - Deutsch, Geschichte | Sabrina Vooren - Mathematik, Physik<\/p>\n<\/div>\n<\/div><\/div><\/div><\/div><\/div>","protected":false},"excerpt":{"rendered":"<p>Das Kollegium unseres WBKs. Iris Alaca &#8211; Sekretariat | Markus Reuter &#8211; Englisch, Geschichte | Angela Pinter-Brall &#8211; Deutsch, Englisch | Lars Tetenberg &#8211; Erdkunde, Geschichte |Claudia Hellmann &#8211; Erdkunde, Mathematik | Robert Rennecke &#8211; Mathematik, Englisch | Susanne Kugler &#8211; Biologie, Chemie, Mathematik | Walter Knauer &#8211; Chemie, Physik | Christina Briem &#8211; Deutsch,&hellip;<\/p>\n","protected":false},"author":1,"featured_media":0,"parent":64,"menu_order":0,"comment_status":"closed","ping_status":"closed","template":"","meta":{"footnotes":""},"class_list":["post-1168","page","type-page","status-publish","hentry","post"],"_links":{"self":[{"href":"https:\/\/wbk-duisburg.de\/neue-homepage\/wp-json\/wp\/v2\/pages\/1168","targetHints":{"allow":["GET"]}}],"collection":[{"href":"https:\/\/wbk-duisburg.de\/neue-homepage\/wp-json\/wp\/v2\/pages"}],"about":[{"href":"https:\/\/wbk-duisburg.de\/neue-homepage\/wp-json\/wp\/v2\/types\/page"}],"author":[{"embeddable":true,"href":"https:\/\/wbk-duisburg.de\/neue-homepage\/wp-json\/wp\/v2\/users\/1"}],"replies":[{"embeddable":true,"href":"https:\/\/wbk-duisburg.de\/neue-homepage\/wp-json\/wp\/v2\/comments?post=1168"}],"version-history":[{"count":18,"href":"https:\/\/wbk-duisburg.de\/neue-homepage\/wp-json\/wp\/v2\/pages\/1168\/revisions"}],"predecessor-version":[{"id":5439,"href":"https:\/\/wbk-duisburg.de\/neue-homepage\/wp-json\/wp\/v2\/pages\/1168\/revisions\/5439"}],"up":[{"embeddable":true,"href":"https:\/\/wbk-duisburg.de\/neue-homepage\/wp-json\/wp\/v2\/pages\/64"}],"wp:attachment":[{"href":"https:\/\/wbk-duisburg.de\/neue-homepage\/wp-json\/wp\/v2\/media?parent=1168"}],"curies":[{"name":"wp","href":"https:\/\/api.w.org\/{rel}","templated":true}]}}