{"id":1478,"date":"2023-06-21T12:38:30","date_gmt":"2023-06-21T10:38:30","guid":{"rendered":"https:\/\/wbk-duisburg.de\/neue-homepage\/?page_id=1478"},"modified":"2026-02-14T04:39:12","modified_gmt":"2026-02-14T03:39:12","slug":"abschluesse","status":"publish","type":"page","link":"https:\/\/wbk-duisburg.de\/neue-homepage\/informationen\/abschluesse\/","title":{"rendered":"Abschl\u00fcsse"},"content":{"rendered":"<div id=\"pl-1478\"  class=\"panel-layout\" ><div id=\"pg-1478-0\"  class=\"panel-grid panel-no-style\" ><div id=\"pgc-1478-0-0\"  class=\"panel-grid-cell\" ><div id=\"panel-1478-0-0-0\" class=\"so-panel widget widget_sow-editor panel-first-child panel-last-child\" data-index=\"0\" ><div\n\t\t\t\n\t\t\tclass=\"so-widget-sow-editor so-widget-sow-editor-base\"\n\t\t\t\n\t\t>\n<div class=\"siteorigin-widget-tinymce textwidget\">\n\t<h3>1. Schulabschl\u00fcsse<\/h3>\n<p><strong>Abendrealschule<\/strong><br \/>\nHauptschulabschluss 9 (Erster Abschluss)<br \/>\nHauptschulabschluss 10 (Erweiterter Erster Abschluss)<br \/>\nMittlerer Abschluss (FOR und FOR Q)<\/p>\n<p><strong>Abendgymnasium<\/strong><br \/>\nFachhochschulreife<br \/>\nAllgemeine Hochschulreife (Abitur)<\/p>\n<h3>2. Unterrichtszeiten<\/h3>\n<p>Der Unterricht findet an vier Tagen der Woche (Mo - Do) von 17:20 Uhr bis sp\u00e4testens 22:00 Uhr statt. Bei Abitur Online findet der Unterricht an zwei Tagen der Woche (Montag und Dienstag) zu der obigen Uhrzeit statt.<\/p>\n<h3>3. Beginn des Semesters\/ Schuljahres<\/h3>\n<h4>Abendrealschule<\/h4>\n<ul>\n<li>Die Abendrealschule startet zweimal im Jahr. Einmal direkt nach den Sommerferien und einmal am 1. Februar.<\/li>\n<li>Unter bestimmten Voraussetzungen (Aktuelle Klassengr\u00f6\u00dfe, geringe Deutschkenntnisse) nehmen wir Sie auch w\u00e4hrend des laufenden Schulbetriebs in den Vorkurs auf. Wenn Sie l\u00e4nger aus der Schule heraus sind, k\u00f6nnen Sie sich so bereits wieder an den Schulbetrieb gew\u00f6hnen und dann nach Ende des Halbjahres regul\u00e4r starten oder den Vorkurs fortf\u00fchren.<\/li>\n<\/ul>\n<h4>Abendgymnasium<\/h4>\n<ul>\n<li>Das Abendgymnasium startet einmal im Jahr nach den Sommerferien mit dem 1. Semester.<\/li>\n<li>Unter bestimmten Voraussetzungen (Gr\u00f6\u00dfe der Klassen, Bereitschaft zum Nacharbeiten usw.) nehmen wir sie bis zu den Herbstferien in ein 1. Semester auf.<\/li>\n<li>Am 1. Februar startet das 2. Semester des Abendgymnasiums. Ein Einstieg in das 2. Semester ist nur m\u00f6glich, wenn die individuellen Voraussetzungen stimmen. Besonders die Bedingung f\u00fcr die zweite Fremdsprache muss erf\u00fcllt sein.<\/li>\n<\/ul>\n<h3>4. Zeitdauer<\/h3>\n<h4>Abendrealschule<\/h4>\n<p>An der Abendrealschule k\u00f6nnen Sie den Hauptschulabschluss und den Mittleren Abschluss (FOR oder FOR Q) erwerben.<\/p>\n<ul>\n<li>Die \u00fcbliche Zeitdauer f\u00fcr den Hauptschulabschluss nach 9 ist ein Jahr.<\/li>\n<li>Die \u00fcbliche Zeitdauer f\u00fcr den Hauptschulabschluss nach 10 ist 1,5 Jahre.<\/li>\n<li>Die \u00fcbliche Zeitdauer f\u00fcr den Mittleren Abschluss ist 2 Jahre. Je nach Vorleistungen kann sich diese Zeit auf 1,5 Jahre und 1 Jahr verk\u00fcrzen.<\/li>\n<\/ul>\n<p>Als Schule des Zweiten Bildungsweg wollen wir auch f\u00fcr Menschen mit Schichtdienst oder Kinderbetreuung offen sein. Wir haben mit Sdui und Moodle zwei Onlineplattformen. Sprechen Sie uns an und wir suchen eine individuelle L\u00f6sung.<\/p>\n<p>Nach dem Erwerb des Mittleren Abschlusses an der Abendrealschule ist ein \u00dcbergang zum Abendgymnasium m\u00f6glich.<\/p>\n<h4>Abendgymnasium<\/h4>\n<p>Am Abendgymnasium k\u00f6nnen Sie zwischen Pr\u00e4senz- und Onlineklassen w\u00e4hlen.<\/p>\n<ul>\n<li>Die Zeitdauer bis zum Fachabitur ist 2 Jahre oder 4 Semester.<\/li>\n<li>Die Zeitdauer bis zum Abitur ist 3 Jahre oder 6 Semester.<\/li>\n<\/ul>\n<p>Die ersten beiden Semester sind die Einf\u00fchrungsphase, danach beginnt die Kursphase.<\/p>\n<p>Der Start des Abendgymnasiums ist nach den Sommerferien.<\/p>\n<p>Ein Einstieg im Winter in Semester 2 ist m\u00f6glich, wenn die individuellen Voraussetzungen stimmen. Hier m\u00fcssen besonders die Bedingungen f\u00fcr die zweite Fremdsprache erf\u00fcllt sein.<\/p>\n<p>Ein Einstieg in Semester 3 und damit direkt in die Kursphase ist nur mit der bereits vorhandenen Fachhochschulreife m\u00f6glich.<\/p>\n<p>&nbsp;<\/p>\n<h3>5. F\u00e4cherangebot<\/h3>\n<\/div>\n<\/div><\/div><\/div><\/div><div id=\"pg-1478-1\"  class=\"panel-grid panel-no-style\" ><div id=\"pgc-1478-1-0\"  class=\"panel-grid-cell\" ><div id=\"panel-1478-1-0-0\" class=\"so-panel widget widget_sow-editor panel-first-child panel-last-child\" data-index=\"1\" ><div\n\t\t\t\n\t\t\tclass=\"so-widget-sow-editor so-widget-sow-editor-base\"\n\t\t\t\n\t\t>\n<div class=\"siteorigin-widget-tinymce textwidget\">\n\t<p><strong>Abendrealschule<\/strong><\/p>\n<ul>\n<li>Deutsch<\/li>\n<li>Englisch<\/li>\n<li>Mathematik<\/li>\n<li>Geschichte<\/li>\n<li>Physik<\/li>\n<li>Informatik<\/li>\n<li>Erdkunde<\/li>\n<\/ul>\n<\/div>\n<\/div><\/div><\/div><div id=\"pgc-1478-1-1\"  class=\"panel-grid-cell\" ><div id=\"panel-1478-1-1-0\" class=\"so-panel widget widget_sow-editor panel-first-child panel-last-child\" data-index=\"2\" ><div\n\t\t\t\n\t\t\tclass=\"so-widget-sow-editor so-widget-sow-editor-base\"\n\t\t\t\n\t\t>\n<div class=\"siteorigin-widget-tinymce textwidget\">\n\t<p><strong>Abendgymnasium<\/strong><\/p>\n<ul>\n<li>Deutsch<\/li>\n<li>Englisch<\/li>\n<li>Mathematik<\/li>\n<li>Franz\u00f6sisch<\/li>\n<li>Physik<\/li>\n<li>Biologie<\/li>\n<li>Geschichte<\/li>\n<li>Erdkunde<\/li>\n<\/ul>\n<\/div>\n<\/div><\/div><\/div><\/div><\/div>","protected":false},"excerpt":{"rendered":"<p>1. Schulabschl\u00fcsse Abendrealschule Hauptschulabschluss 9 (Erster Abschluss) Hauptschulabschluss 10 (Erweiterter Erster Abschluss) Mittlerer Abschluss (FOR und FOR Q) Abendgymnasium Fachhochschulreife Allgemeine Hochschulreife (Abitur) 2. Unterrichtszeiten Der Unterricht findet an vier Tagen der Woche (Mo &#8211; Do) von 17:20 Uhr bis sp\u00e4testens 22:00 Uhr statt. Bei Abitur Online findet der Unterricht an zwei Tagen der Woche&hellip;<\/p>\n","protected":false},"author":1,"featured_media":0,"parent":509,"menu_order":0,"comment_status":"closed","ping_status":"closed","template":"","meta":{"footnotes":""},"class_list":["post-1478","page","type-page","status-publish","hentry","post"],"_links":{"self":[{"href":"https:\/\/wbk-duisburg.de\/neue-homepage\/wp-json\/wp\/v2\/pages\/1478","targetHints":{"allow":["GET"]}}],"collection":[{"href":"https:\/\/wbk-duisburg.de\/neue-homepage\/wp-json\/wp\/v2\/pages"}],"about":[{"href":"https:\/\/wbk-duisburg.de\/neue-homepage\/wp-json\/wp\/v2\/types\/page"}],"author":[{"embeddable":true,"href":"https:\/\/wbk-duisburg.de\/neue-homepage\/wp-json\/wp\/v2\/users\/1"}],"replies":[{"embeddable":true,"href":"https:\/\/wbk-duisburg.de\/neue-homepage\/wp-json\/wp\/v2\/comments?post=1478"}],"version-history":[{"count":678,"href":"https:\/\/wbk-duisburg.de\/neue-homepage\/wp-json\/wp\/v2\/pages\/1478\/revisions"}],"predecessor-version":[{"id":5452,"href":"https:\/\/wbk-duisburg.de\/neue-homepage\/wp-json\/wp\/v2\/pages\/1478\/revisions\/5452"}],"up":[{"embeddable":true,"href":"https:\/\/wbk-duisburg.de\/neue-homepage\/wp-json\/wp\/v2\/pages\/509"}],"wp:attachment":[{"href":"https:\/\/wbk-duisburg.de\/neue-homepage\/wp-json\/wp\/v2\/media?parent=1478"}],"curies":[{"name":"wp","href":"https:\/\/api.w.org\/{rel}","templated":true}]}}