{"id":736,"date":"2022-08-04T20:47:13","date_gmt":"2022-08-04T18:47:13","guid":{"rendered":"https:\/\/wbk-duisburg.de\/neue-homepage\/?page_id=736"},"modified":"2025-07-28T23:30:42","modified_gmt":"2025-07-28T21:30:42","slug":"abitur-online","status":"publish","type":"page","link":"https:\/\/wbk-duisburg.de\/neue-homepage\/informationen\/abitur-online\/","title":{"rendered":"Abitur-Online"},"content":{"rendered":"<div id=\"pl-736\"  class=\"panel-layout\" ><div id=\"pg-736-0\"  class=\"panel-grid panel-no-style\" ><div id=\"pgc-736-0-0\"  class=\"panel-grid-cell\" ><div id=\"panel-736-0-0-0\" class=\"so-panel widget widget_sow-editor panel-first-child panel-last-child\" data-index=\"0\" ><div\n\t\t\t\n\t\t\tclass=\"so-widget-sow-editor so-widget-sow-editor-base\"\n\t\t\t\n\t\t>\n<div class=\"siteorigin-widget-tinymce textwidget\">\n\t<p>Beginnend mit dem Wintersemester 2013\/14 haben wir den zus\u00e4tzlichen Ausbildungsgang Abitur Online am Weiterbildungskolleg der Stadt Duisburg eingef\u00fchrt.\u00a0 Zur Zeit beginnen wir mit einem ersten Semester zu jedem Wintersemester (also nach den Schulsommerferien). Die <strong><a style=\"color: #808080;\" href=\"https:\/\/wbk-duisburg.de\/neue-homepage\/anmelden\/\">Eingangsvoraussetzungen<\/a><\/strong> sind dieselben wie f\u00fcr den Ausbildungsgang Abitur. \u00a0Ebenso k\u00f6nnen Sie diesen Lehrgang sowohl mit Abitur als auch mit Fachabitur abschlie\u00dfen.<\/p>\n<p>Der Lehrgang besteht zur H\u00e4lfte aus Unterricht in der Schule (Pr\u00e4senzphase) und zur H\u00e4lfte aus Unterricht \u00fcber das Internet (Distanzphase). \u00a0Der Unterricht im Internet wird \u00fcber eine Lernplattform abgewickelt. \u00a0Diese stellt virtuelle Klassenzimmer zur Verf\u00fcgung, \u00fcber die kommuniziert wird und Materialien ausgetauscht werden. \u00a0F\u00fcr die Arbeit in den Distanzphasen werden keine konkreten Arbeitszeiten festgelegt. \u00a0Dennoch gibt es w\u00f6chentliche Arbeitsauftr\u00e4ge. \u00a0Die Pr\u00e4senzphase wird an zwei Abenden der Woche durchgef\u00fchrt, diese Pr\u00e4senztage sind montags und dienstags.\u00a0 An diesen beiden Tagen haben Sie Unterricht von 17:20 bis 22:00 Uhr. Ab dem zweiten Jahr k\u00f6nnen einzelne Klausurtermine au\u00dferhalb der beiden Unterrichtstage stattfinden, Sie werden rechtzeitig informiert.<\/p>\n<p>Lernen im Online Lehrgang bedeutet selbstst\u00e4ndig Arbeiten zu k\u00f6nnen und seinen eigenen Lernprozess zu organisieren. Nat\u00fcrlich liegt der Fokus beim Lernen in der Distanzphase auf Schriftlichkeit und Kommunikationsf\u00e4higkeit.<\/p>\n<\/div>\n<\/div><\/div><\/div><\/div><\/div>","protected":false},"excerpt":{"rendered":"<p>Beginnend mit dem Wintersemester 2013\/14 haben wir den zus\u00e4tzlichen Ausbildungsgang Abitur Online am Weiterbildungskolleg der Stadt Duisburg eingef\u00fchrt.\u00a0 Zur Zeit beginnen wir mit einem ersten Semester zu jedem Wintersemester (also nach den Schulsommerferien). Die Eingangsvoraussetzungen sind dieselben wie f\u00fcr den Ausbildungsgang Abitur. \u00a0Ebenso k\u00f6nnen Sie diesen Lehrgang sowohl mit Abitur als auch mit Fachabitur abschlie\u00dfen.&hellip;<\/p>\n","protected":false},"author":1,"featured_media":0,"parent":509,"menu_order":0,"comment_status":"closed","ping_status":"closed","template":"","meta":{"footnotes":""},"class_list":["post-736","page","type-page","status-publish","hentry","post"],"_links":{"self":[{"href":"https:\/\/wbk-duisburg.de\/neue-homepage\/wp-json\/wp\/v2\/pages\/736","targetHints":{"allow":["GET"]}}],"collection":[{"href":"https:\/\/wbk-duisburg.de\/neue-homepage\/wp-json\/wp\/v2\/pages"}],"about":[{"href":"https:\/\/wbk-duisburg.de\/neue-homepage\/wp-json\/wp\/v2\/types\/page"}],"author":[{"embeddable":true,"href":"https:\/\/wbk-duisburg.de\/neue-homepage\/wp-json\/wp\/v2\/users\/1"}],"replies":[{"embeddable":true,"href":"https:\/\/wbk-duisburg.de\/neue-homepage\/wp-json\/wp\/v2\/comments?post=736"}],"version-history":[{"count":40,"href":"https:\/\/wbk-duisburg.de\/neue-homepage\/wp-json\/wp\/v2\/pages\/736\/revisions"}],"predecessor-version":[{"id":5379,"href":"https:\/\/wbk-duisburg.de\/neue-homepage\/wp-json\/wp\/v2\/pages\/736\/revisions\/5379"}],"up":[{"embeddable":true,"href":"https:\/\/wbk-duisburg.de\/neue-homepage\/wp-json\/wp\/v2\/pages\/509"}],"wp:attachment":[{"href":"https:\/\/wbk-duisburg.de\/neue-homepage\/wp-json\/wp\/v2\/media?parent=736"}],"curies":[{"name":"wp","href":"https:\/\/api.w.org\/{rel}","templated":true}]}}