{"id":757,"date":"2022-08-04T21:05:42","date_gmt":"2022-08-04T19:05:42","guid":{"rendered":"https:\/\/wbk-duisburg.de\/neue-homepage\/?page_id=757"},"modified":"2025-07-19T18:10:05","modified_gmt":"2025-07-19T16:10:05","slug":"foerdermoeglichkeiten","status":"publish","type":"page","link":"https:\/\/wbk-duisburg.de\/neue-homepage\/informationen\/foerdermoeglichkeiten\/","title":{"rendered":"F\u00f6rderm\u00f6glichkeiten"},"content":{"rendered":"<div id=\"pl-757\"  class=\"panel-layout\" ><div id=\"pg-757-0\"  class=\"panel-grid panel-no-style\" ><div id=\"pgc-757-0-0\"  class=\"panel-grid-cell\" ><div id=\"panel-757-0-0-0\" class=\"so-panel widget widget_sow-editor panel-first-child panel-last-child\" data-index=\"0\" ><div\n\t\t\t\n\t\t\tclass=\"so-widget-sow-editor so-widget-sow-editor-base\"\n\t\t\t\n\t\t>\n<div class=\"siteorigin-widget-tinymce textwidget\">\n\t<h3>BAf\u00f6G<\/h3>\n<h4>\u00dcberblick und Ansprechpartner<\/h4>\n<p>F\u00fcr die Teilnahme am Unterricht unserer Schule werden keine Geb\u00fchren erhoben. Lernmittel werden gestellt. Von den Kosten tragen die Studierenden einen Eigenanteil.In der zweiten H\u00e4lfte ihrer Schulzeit, steht den Studierenden die M\u00f6glichkeit offen,\u00a0BAf\u00f6G zu beantragen, also die\u00a0Ausbildungsbeihilfe nach dem\u00a0Bundesausbildungsf\u00f6rderungsgesetz.Genauere Ausk\u00fcnfte bekommen sie im Sekretariat oder bei unseren <strong><a style=\"color: #808080;\" href=\"https:\/\/wbk-duisburg.de\/neue-homepage\/ueber_uns\/beratung\/\">Beratungslehrerinnen<\/a>.<\/strong><\/p>\n<p>Die Studierenden der Abendrealschule k\u00f6nnen ab dem 3. Semester unterst\u00fctzt werden. Die F\u00f6rderung ist hier grunds\u00e4tzlich elternabh\u00e4ngig, es sei denn, es liegt eine abgeschlossene Berufsausbildung und anschlie\u00dfende Erwerbst\u00e4tigkeit von insgesamt mindestens 6 Jahren vor.<\/p>\n<p>Die Sch\u00fcler des Abendgymnasiums werden ab dem 4. Semester elternunabh\u00e4ngig gef\u00f6rdert. Studierende mit einer eigenen<br \/>\nWohnung erhalten eine h\u00f6here Unterst\u00fctzung als diejenigen, die noch bei ihren Eltern wohnen. Unter Umst\u00e4nden kann ihnen zus\u00e4tzlich noch ein Mietzuschuss gew\u00e4hrt werden.<\/p>\n<p>Weitere Informationen, auch \u00fcber die aktuellen F\u00f6rderbetr\u00e4ge, erhalten Sie in Duisburg beim <strong style=\"text-align: center;\"><a href=\"https:\/\/www.duisburg.de\/vv\/oe\/dezernat-iii\/40\/amt_fuer_schulische_bildung.php\">Amt f\u00fcr Schulische Bildung<\/a> <\/strong>und deren <strong><a href=\"https:\/\/www.duisburg.de\/vv\/produkte\/pro_du\/dez_iii\/40\/bafoeg.php\">BAf\u00f6G-Seite<\/a><\/strong>.<\/p>\n<p>Amt f\u00fcr Schulische Bildung<br \/>\nRuhrorter Stra\u00dfe 187<br \/>\n47119 Duisburg<\/p>\n<p>Telefon: (0203) 94000<\/p>\n<p>Oder direkt auf der <strong><a style=\"color: #808080;\" href=\"http:\/\/www.bafoeg-rechner.de\">BAf\u00f6G-Seite<\/a><\/strong> des Bundesministeriums f\u00fcr Bildung und Forschung. Ein \u00a0<strong><a style=\"color: #808080;\" href=\"http:\/\/www.bafoeg-rechner.de\">BAf\u00f6G-Rechner<\/a><\/strong> ermittelt hier auch den<br \/>\nmonatlichen F\u00f6rderbetrag.<\/p>\n<p>Unter geeigneten Bedingungen vergeben auch nicht staatliche Stiftungen, wie etwa die Hans-B\u00f6ckler-Stiftung, Stipendien.<br \/>\nEine Nachfrage lohnt sich immer.<\/p>\n<h3>Berufe<strong> und notwendige Schulabschl\u00fcsse<\/strong><\/h3>\n<p><strong>Pflegefachkraft<\/strong><\/p>\n<ul>\n<li>Hauptschulabschluss nach 9 und eine von f\u00fcnf weiteren Bedingungen muss erf\u00fcllt sein. Siehe: <strong><a href=\"https:\/\/www.bundesgesundheitsministerium.de\/themen\/gesundheitswesen\/gesundheitsberufe\/pflegefachperson\">Bundesgesundheitsministerium<\/a><\/strong><\/li>\n<\/ul>\n<p><strong>Justiz Vollzugsbeamtin<\/strong><\/p>\n<ul>\n<li>Mittlerer Abschluss oder Hauptschulabschluss und Berufsausbildung. Siehe <strong><a href=\"https:\/\/www.justiz-karriere.nrw\/berufe\/justizvollzug\/beamter-im-allgemeinen-vollzugsdienst\">Justiz NRW<\/a><\/strong><\/li>\n<\/ul>\n<\/div>\n<\/div><\/div><\/div><\/div><\/div>","protected":false},"excerpt":{"rendered":"<p>BAf\u00f6G \u00dcberblick und Ansprechpartner F\u00fcr die Teilnahme am Unterricht unserer Schule werden keine Geb\u00fchren erhoben. Lernmittel werden gestellt. Von den Kosten tragen die Studierenden einen Eigenanteil.In der zweiten H\u00e4lfte ihrer Schulzeit, steht den Studierenden die M\u00f6glichkeit offen,\u00a0BAf\u00f6G zu beantragen, also die\u00a0Ausbildungsbeihilfe nach dem\u00a0Bundesausbildungsf\u00f6rderungsgesetz.Genauere Ausk\u00fcnfte bekommen sie im Sekretariat oder bei unseren Beratungslehrerinnen. Die Studierenden der&hellip;<\/p>\n","protected":false},"author":1,"featured_media":0,"parent":509,"menu_order":0,"comment_status":"closed","ping_status":"closed","template":"","meta":{"footnotes":""},"class_list":["post-757","page","type-page","status-publish","hentry","post"],"_links":{"self":[{"href":"https:\/\/wbk-duisburg.de\/neue-homepage\/wp-json\/wp\/v2\/pages\/757","targetHints":{"allow":["GET"]}}],"collection":[{"href":"https:\/\/wbk-duisburg.de\/neue-homepage\/wp-json\/wp\/v2\/pages"}],"about":[{"href":"https:\/\/wbk-duisburg.de\/neue-homepage\/wp-json\/wp\/v2\/types\/page"}],"author":[{"embeddable":true,"href":"https:\/\/wbk-duisburg.de\/neue-homepage\/wp-json\/wp\/v2\/users\/1"}],"replies":[{"embeddable":true,"href":"https:\/\/wbk-duisburg.de\/neue-homepage\/wp-json\/wp\/v2\/comments?post=757"}],"version-history":[{"count":100,"href":"https:\/\/wbk-duisburg.de\/neue-homepage\/wp-json\/wp\/v2\/pages\/757\/revisions"}],"predecessor-version":[{"id":4865,"href":"https:\/\/wbk-duisburg.de\/neue-homepage\/wp-json\/wp\/v2\/pages\/757\/revisions\/4865"}],"up":[{"embeddable":true,"href":"https:\/\/wbk-duisburg.de\/neue-homepage\/wp-json\/wp\/v2\/pages\/509"}],"wp:attachment":[{"href":"https:\/\/wbk-duisburg.de\/neue-homepage\/wp-json\/wp\/v2\/media?parent=757"}],"curies":[{"name":"wp","href":"https:\/\/api.w.org\/{rel}","templated":true}]}}