{"id":97,"date":"2021-01-07T03:01:32","date_gmt":"2021-01-07T03:01:32","guid":{"rendered":""},"modified":"2026-03-10T16:45:43","modified_gmt":"2026-03-10T15:45:43","slug":"anmelden","status":"publish","type":"page","link":"https:\/\/wbk-duisburg.de\/neue-homepage\/anmelden\/","title":{"rendered":"Anmelden"},"content":{"rendered":"<div id=\"pl-97\"  class=\"panel-layout\" ><div id=\"pg-97-0\"  class=\"panel-grid panel-has-style\" ><div class=\"siteorigin-panels-stretch panel-row-style panel-row-style-for-97-0\" data-stretch-type=\"full-width-stretch\" ><div id=\"pgc-97-0-0\"  class=\"panel-grid-cell\" ><div id=\"panel-97-0-0-0\" class=\"so-panel widget widget_sow-hero panel-first-child panel-last-child\" data-index=\"0\" ><div\n\t\t\t\n\t\t\tclass=\"so-widget-sow-hero so-widget-sow-hero-default-2729c467d9f1-97 so-widget-fittext-wrapper\"\n\t\t\t data-fit-text-compressor=\"0.85\"\n\t\t>\t\t\t\t<div class=\"sow-slider-base\" style=\"display: none\" tabindex=\"0\">\n\t\t\t\t\t<ul\n\t\t\t\t\tclass=\"sow-slider-images\"\n\t\t\t\t\tdata-settings=\"{&quot;pagination&quot;:true,&quot;speed&quot;:400,&quot;timeout&quot;:8000,&quot;paused&quot;:false,&quot;pause_on_hover&quot;:false,&quot;swipe&quot;:true,&quot;nav_always_show_desktop&quot;:&quot;&quot;,&quot;nav_always_show_mobile&quot;:&quot;&quot;,&quot;breakpoint&quot;:&quot;780px&quot;,&quot;unmute&quot;:false,&quot;anchor&quot;:null}\"\n\t\t\t\t\tstyle=\"min-height: 350px\"\t\t\t\t\tdata-anchor-id=\"\"\n\t\t\t\t>\t\t<li class=\"sow-slider-image  sow-slider-image-cover\" style=\"visibility: visible;;background-color: #333333;background-image: url(https:\/\/wbk-duisburg.de\/neue-homepage\/wp-content\/uploads\/2025\/07\/69-scaled.jpg)\" >\n\t\t\t\t\t<div class=\"sow-slider-image-container\">\n\t\t\t<div class=\"sow-slider-image-wrapper\">\n\t\t\t\t\t\t\t<\/div>\n\t\t<\/div>\n\t\t\t\t<\/li>\n\t\t<\/ul>\t\t\t\t<ol class=\"sow-slider-pagination\">\n\t\t\t\t\t\t\t\t\t\t\t<li><a href=\"#\" data-goto=\"0\" aria-label=\"Display slide 1\"><\/a><\/li>\n\t\t\t\t\t\t\t\t\t<\/ol>\n\n\t\t\t\t<div class=\"sow-slide-nav sow-slide-nav-next\">\n\t\t\t\t\t<a href=\"#\" data-goto=\"next\" aria-label=\"Next slide\" data-action=\"next\">\n\t\t\t\t\t\t<em class=\"sow-sld-icon-thin-right\"><\/em>\n\t\t\t\t\t<\/a>\n\t\t\t\t<\/div>\n\n\t\t\t\t<div class=\"sow-slide-nav sow-slide-nav-prev\">\n\t\t\t\t\t<a href=\"#\" data-goto=\"previous\" aria-label=\"Previous slide\" data-action=\"prev\">\n\t\t\t\t\t\t<em class=\"sow-sld-icon-thin-left\"><\/em>\n\t\t\t\t\t<\/a>\n\t\t\t\t<\/div>\n\t\t\t\t<\/div><\/div><\/div><\/div><\/div><\/div><div id=\"pg-97-1\"  class=\"panel-grid panel-no-style\" ><div id=\"pgc-97-1-0\"  class=\"panel-grid-cell\" ><div id=\"panel-97-1-0-0\" class=\"so-panel widget widget_sow-editor panel-first-child panel-last-child\" data-index=\"1\" ><div\n\t\t\t\n\t\t\tclass=\"so-widget-sow-editor so-widget-sow-editor-base\"\n\t\t\t\n\t\t>\n<div class=\"siteorigin-widget-tinymce textwidget\">\n\t<h2>Anmelden<\/h2>\n<h3>1. Hauptschul-\/ Realschulabschluss<\/h3>\n<h5>Beratung \/ Anmeldung<\/h5>\n<ul>\n<li>An der Abendrealschule sind Sie richtig, wenn Sie den <strong>Hauptschulabschluss<\/strong> oder den <strong>Mittleren Schulabschluss<\/strong> nachholen wollen.<\/li>\n<li>Sie k\u00f6nnen sich per Mail von Herrn K\u00f6gel beraten lassen oder einen Termin vereinbaren\u00a0<strong>(koegel@wbk-duisburg.de)<\/strong>.<\/li>\n<li>Sie k\u00f6nnen ohne Termin in die Sprechstunde kommen: Die Sprechstunde ist dienstags zwischen 17 - 18 Uhr (Raum W169, die 1. Etage im Geb\u00e4ude mit der Cafeteria).<\/li>\n<\/ul>\n<h5>Unterlagen f\u00fcr die Anmeldung<\/h5>\n<ul>\n<li>Aktueller tabellarischer Lebenslauf<\/li>\n<li>Wenn vorhanden, Abschluss- oder Abgangszeugnis der zuletzt besuchten Schule.<\/li>\n<li>Unterlagen zum Nachweis einer Berufst\u00e4tigkeit, Erziehungszeit, Minijobs oder vergleichbaren T\u00e4tigkeit<\/li>\n<li>Pass oder Personalausweis<\/li>\n<\/ul>\n<h3 style=\"text-align: left;\">2. Abendgymnasium<\/h3>\n<h5>Anmeldung<\/h5>\n<ul>\n<li>Am Abendgymnasium k\u00f6nnen Sie zwischen\u00a0<strong style=\"letter-spacing: 0px;\">Abitur-Online<\/strong>\u00a0und dem\u00a0Pr\u00e4senzkurs w\u00e4hlen. Der Pr\u00e4senzkurs findet an vier Tagen der Woche statt, der Onlinekurs an zwei Tagen.<\/li>\n<li>Sie k\u00f6nnen sich per Mail von Frau Briem beraten lassen oder einen Termin vereinbaren (<strong>briem@wbk-duisburg.de<\/strong>).<\/li>\n<\/ul>\n<h5>Aufnahmebedingungen<\/h5>\n<ul>\n<li>Sie sind mindestens 18 Jahre alt<\/li>\n<li>Sie haben einen mittleren Schulabschluss<\/li>\n<li>F\u00fcr das Fachabitur ben\u00f6tigen Sie keinen Nachweis einer Berufst\u00e4tigkeit, wenn Sie \u00fcber den Zweiten Bildungsweg zu uns kommen.<\/li>\n<li>F\u00fcr das Abitur\/Fachabitur k\u00f6nnen Sie eine Berufsausbildung oder eine zweij\u00e4hrige Berufst\u00e4tigkeit nachweisen. Auf die zweij\u00e4hrige Berufst\u00e4tigkeit kann Wehrdienst, Zivildienst, ein freiwilliges Jahr, ehrenamtliche T\u00e4tigkeit oder auch Arbeitslosigkeit angerechnet werden.<\/li>\n<li><strong>Abh\u00e4ngig von Ihren biographischen Umst\u00e4nden k\u00f6nnen wir Sie nach pers\u00f6nlicher Beratung aufnehmen, auch wenn Sie nicht alle Bedingungen erf\u00fcllen. Kontaktieren Sie uns!<\/strong><\/li>\n<\/ul>\n<style type=\"text\/css\">h4 { margin-top: 0.21cm; margin-bottom: 0.21cm; background: transparent; page-break-after: avoid }h4.western { font-family: \"Liberation Serif\", serif; font-size: 12pt; font-weight: bold }h4.cjk { font-family: \"Noto Serif CJK SC\"; font-size: 12pt; font-weight: bold }h4.ctl { font-family: \"Noto Sans Devanagari\"; font-size: 12pt; font-weight: bold }p { line-height: 115%; margin-bottom: 0.25cm; background: transparent }strong { font-weight: bold }<\/style>\n<\/div>\n<\/div><\/div><\/div><\/div><\/div>","protected":false},"excerpt":{"rendered":"<p>Anmelden 1. Hauptschul-\/ Realschulabschluss Beratung \/ Anmeldung An der Abendrealschule sind Sie richtig, wenn Sie den Hauptschulabschluss oder den Mittleren Schulabschluss nachholen wollen. Sie k\u00f6nnen sich per Mail von Herrn K\u00f6gel beraten lassen oder einen Termin vereinbaren\u00a0(koegel@wbk-duisburg.de). Sie k\u00f6nnen ohne Termin in die Sprechstunde kommen: Die Sprechstunde ist dienstags zwischen 17 &#8211; 18 Uhr (Raum&hellip;<\/p>\n","protected":false},"author":1,"featured_media":0,"parent":0,"menu_order":0,"comment_status":"closed","ping_status":"closed","template":"","meta":{"footnotes":""},"class_list":["post-97","page","type-page","status-publish","hentry","post"],"_links":{"self":[{"href":"https:\/\/wbk-duisburg.de\/neue-homepage\/wp-json\/wp\/v2\/pages\/97","targetHints":{"allow":["GET"]}}],"collection":[{"href":"https:\/\/wbk-duisburg.de\/neue-homepage\/wp-json\/wp\/v2\/pages"}],"about":[{"href":"https:\/\/wbk-duisburg.de\/neue-homepage\/wp-json\/wp\/v2\/types\/page"}],"author":[{"embeddable":true,"href":"https:\/\/wbk-duisburg.de\/neue-homepage\/wp-json\/wp\/v2\/users\/1"}],"replies":[{"embeddable":true,"href":"https:\/\/wbk-duisburg.de\/neue-homepage\/wp-json\/wp\/v2\/comments?post=97"}],"version-history":[{"count":686,"href":"https:\/\/wbk-duisburg.de\/neue-homepage\/wp-json\/wp\/v2\/pages\/97\/revisions"}],"predecessor-version":[{"id":5454,"href":"https:\/\/wbk-duisburg.de\/neue-homepage\/wp-json\/wp\/v2\/pages\/97\/revisions\/5454"}],"wp:attachment":[{"href":"https:\/\/wbk-duisburg.de\/neue-homepage\/wp-json\/wp\/v2\/media?parent=97"}],"curies":[{"name":"wp","href":"https:\/\/api.w.org\/{rel}","templated":true}]}}